{"id":3,"date":"2022-07-06T11:14:47","date_gmt":"2022-07-06T11:14:47","guid":{"rendered":"https:\/\/hejmarku.pl\/?page_id=3"},"modified":"2022-07-08T10:45:29","modified_gmt":"2022-07-08T10:45:29","slug":"privacy-policy-2","status":"publish","type":"page","link":"https:\/\/hejmarku.pl\/?page_id=3","title":{"rendered":"Polityka Prywatno\u015bci"},"content":{"rendered":"\n<p>Niniejsza Polityka prywatno\u015bci reguluje spos\u00f3b, w jaki dzia\u0142alno\u015b\u0107 gospodarcza Marek Follendorf gromadzi, wykorzystuje, utrzymuje i ujawnia informacje zebrane od u\u017cytkownika (zwanym dalej \u201cU\u017cytkownikiem\u201d) ze strony internetowej www.marekfollendorf.com (zwanej dalej \u201cStron\u0105\u201d). Niniejsza polityka prywatno\u015bci dotyczy strony Marek Follendorf.<\/p>\n\n\n\n<p>W dniu 25 maja 2018 roku rozpocz\u0119\u0142o swoje obowi\u0105zywanie Rozporz\u0105dzenie Parlamentu Europejskiego i Rady (UE) 2016\/679 z dnia 27 kwietnia 2016 r. w sprawie ochrony os\u00f3b fizycznych w zwi\u0105zku z przetwarzaniem danych osobowych (RODO). W zwi\u0105zku z nim jestem zobowi\u0105zany do poinformowania o nast\u0119puj\u0105cych faktach i uprawnieniach:<\/p>\n\n\n\n<p>1. Administratorem danych osobowych jest Marek Follendorf z siedzib\u0105 w Choszcznie. Ochrona danych odbywa si\u0119 zgodnie z wymogami powszechnie obowi\u0105zuj\u0105cych przepis\u00f3w prawa, a ich przechowywanie ma miejsce na zabezpieczonych serwerach.<\/p>\n\n\n\n<p>2. Szanuj\u0119 prawo do prywatno\u015bci i dbam o bezpiecze\u0144stwo danych. W tym celu u\u017cywany jest m.in. bezpieczny protok\u00f3\u0142 szyfrowania komunikacji (SSL).<\/p>\n\n\n\n<p>3. Przetwarzam nast\u0119puj\u0105ce dane osobowe: imi\u0119, nazwisko, e-mail, numer telefonu, informacje dotycz\u0105ce Waszego \u015blubu\/sesji.<\/p>\n\n\n\n<p>4. Dane osobowe b\u0119d\u0105 przetwarzane w celu odpowiedzi na zapytanie skierowane przy u\u017cyciu formularza kontaktowego.<\/p>\n\n\n\n<p>5. Podanie danych osobowych jest dobrowolne, jednak\u017ce brak wyra\u017cenia zgody na przetwarzanie danych uniemo\u017cliwia \u015bwiadczenie w\/w us\u0142ugi.<\/p>\n\n\n\n<p>6. Dane osobowe b\u0119d\u0105 przechowywane przez okres roku od daty wys\u0142ania zapytania.<\/p>\n\n\n\n<p>7. Przys\u0142uguje Panu\/Pani prawo \u017c\u0105dania dost\u0119pu do tre\u015bci danych osobowych, ich sprostowania, usuni\u0119cia oraz prawo do ograniczenia ich przetwarzania. Ponadto tak\u017ce prawo do cofni\u0119cia zgody w dowolnym momencie bez wp\u0142ywu na zgodno\u015b\u0107 z prawem przetwarzania, prawo do przenoszenia danych oraz prawo do wniesienia sprzeciwu wobec przetwarzania danych osobowych,<\/p>\n\n\n\n<p>8. Posiada Pan\/Pani prawo wniesienia skargi do Prezesa Urz\u0119du Ochrony Danych Osobowych.<\/p>\n\n\n\n<p>9. Dane osobowe b\u0119d\u0105 przekazywane wy\u0142\u0105cznie naszym podwykonawcom, tj. dostawcom us\u0142ug informatycznych.<\/p>\n\n\n\n<h5 class=\"wp-block-heading\">Osobowe dane identyfikacyjne<\/h5>\n\n\n\n<p>Mog\u0119 zbiera\u0107 osobowe dane identyfikacyjne od U\u017cytkownik\u00f3w na r\u00f3\u017cne sposoby, w tym mi\u0119dzy innymi, gdy U\u017cytkownicy odwiedzaj\u0105 moj\u0105 Stron\u0119, wype\u0142niaj\u0105 formularz kontaktowy oraz w zwi\u0105zku z innymi dzia\u0142aniami, us\u0142ugami, funkcjami lub zasobami udost\u0119pnianymi na mojej stronie. U\u017cytkownicy mog\u0105 zosta\u0107 poproszeni o podanie danych takich jak imi\u0119, nazwisko, adres e-mail, numeru telefonu. U\u017cytkownicy mog\u0105 jednak odwiedza\u0107 moj\u0105 Stron\u0119 anonimowo. B\u0119d\u0119 zbiera\u0107 dane osobowe od u\u017cytkownik\u00f3w tylko wtedy, gdy dobrowolnie prze\u015bl\u0105 mi takie informacje. U\u017cytkownicy zawsze mog\u0105 odm\u00f3wi\u0107 dostarczenia osobistych danych identyfikacyjnych, z tym, \u017ce mo\u017ce to uniemo\u017cliwi\u0107 im anga\u017cowanie si\u0119 w pewne dzia\u0142ania zwi\u0105zane ze Stron\u0105.<\/p>\n\n\n\n<h5 class=\"wp-block-heading\">Nieosobowe dane identyfikacyjne<\/h5>\n\n\n\n<p>Mog\u0119 zbiera\u0107 nieosobowe informacje identyfikacyjne na temat U\u017cytkownik\u00f3w, ilekro\u0107 wchodz\u0105 oni w interakcj\u0119 z moj\u0105 Stron\u0105. Nieosobowe dane identyfikacyjne mog\u0105 obejmowa\u0107 nazw\u0119 przegl\u0105darki, rodzaj komputera i informacje techniczne na temat sposobu, w jaki U\u017cytkownicy \u0142\u0105cz\u0105 si\u0119 z moj\u0105 Stron\u0105, na przyk\u0142ad system operacyjny i wykorzystywani dostawcy us\u0142ug internetowych oraz inne podobne informacje.<\/p>\n\n\n\n<h5 class=\"wp-block-heading\">Pliki Cookies przegl\u0105darki internetowej<\/h5>\n\n\n\n<p>Moja Strona mo\u017ce wykorzystywa\u0107 pliki cookies w celu poprawy komfortu u\u017cytkowania. Pliki cookies (tzw. \u201eciasteczka\u201d) stanowi\u0105 dane informatyczne, w szczeg\u00f3lno\u015bci pliki tekstowe, kt\u00f3re przechowywane s\u0105 w urz\u0105dzeniu ko\u0144cowym U\u017cytkownika Strony i przeznaczone s\u0105 do korzystania ze stron internetowych Strony. Cookies zazwyczaj zawieraj\u0105 nazw\u0119 strony internetowej, z kt\u00f3rej pochodz\u0105, czas przechowywania ich na urz\u0105dzeniu ko\u0144cowym oraz unikalny numer. Podmiotem zamieszczaj\u0105cym na urz\u0105dzeniu ko\u0144cowym U\u017cytkownika Strony pliki cookies oraz uzyskuj\u0105cym do nich dost\u0119p jest operator serwisu Marek Follendorf.<\/p>\n\n\n\n<p><strong>Pliki cookies wykorzystywane s\u0105 w celu:<\/strong><\/p>\n\n\n\n<p>1. dostosowania zawarto\u015bci stron internetowych Serwisu do preferencji U\u017cytkownika oraz optymalizacji korzystania ze stron internetowych; w szczeg\u00f3lno\u015bci pliki te pozwalaj\u0105 rozpozna\u0107 urz\u0105dzenie U\u017cytkownika Serwisu i odpowiednio wy\u015bwietli\u0107 stron\u0119 internetow\u0105, dostosowan\u0105 do jego indywidualnych potrzeb;<\/p>\n\n\n\n<p>2. tworzenia statystyk, kt\u00f3re pomagaj\u0105 zrozumie\u0107, w jaki spos\u00f3b U\u017cytkownicy Strony korzystaj\u0105 ze stron internetowych, co umo\u017cliwia ulepszanie ich struktury i zawarto\u015bci.<\/p>\n\n\n\n<p>W ramach Strony stosowane s\u0105 dwa zasadnicze rodzaje plik\u00f3w cookies: \u201esesyjne\u201d oraz \u201esta\u0142e\u201d. Cookies \u201esesyjne\u201d s\u0105 plikami tymczasowymi, kt\u00f3re przechowywane s\u0105 w urz\u0105dzeniu ko\u0144cowym U\u017cytkownika do czasu opuszczenia strony internetowej lub wy\u0142\u0105czenia oprogramowania (przegl\u0105darki internetowej). \u201eSta\u0142e\u201d pliki cookies przechowywane s\u0105 w urz\u0105dzeniu ko\u0144cowym U\u017cytkownika przez czas okre\u015blony w parametrach plik\u00f3w cookies lub do czasu ich usuni\u0119cia przez U\u017cytkownika.<\/p>\n\n\n\n<p><strong>W ramach Strony stosowane s\u0105 nast\u0119puj\u0105ce rodzaje plik\u00f3w cookies:<\/strong><\/p>\n\n\n\n<p>1. \u201eniezb\u0119dne\u201d pliki cookies, umo\u017cliwiaj\u0105ce korzystanie z us\u0142ug dost\u0119pnych w ramach Strony, np. uwierzytelniaj\u0105ce pliki cookies wykorzystywane do us\u0142ug wymagaj\u0105cych uwierzytelniania w ramach Strony;<\/p>\n\n\n\n<p>2. pliki cookies s\u0142u\u017c\u0105ce do zapewnienia bezpiecze\u0144stwa, np. wykorzystywane do wykrywania nadu\u017cy\u0107 w zakresie uwierzytelniania w ramach Strony;<\/p>\n\n\n\n<p>3. \u201ewydajno\u015bciowe\u201d pliki cookies, umo\u017cliwiaj\u0105ce zbieranie informacji o sposobie korzystania ze stron internetowych Strony;<\/p>\n\n\n\n<p>4. \u201efunkcjonalne\u201d pliki cookies, umo\u017cliwiaj\u0105ce \u201ezapami\u0119tanie\u201d wybranych przez U\u017cytkownika ustawie\u0144 i personalizacj\u0119 interfejsu U\u017cytkownika, np. w zakresie wybranego j\u0119zyka lub regionu, z kt\u00f3rego pochodzi U\u017cytkownik, rozmiaru czcionki, wygl\u0105du strony internetowej itp.;<\/p>\n\n\n\n<p>5. \u201ereklamowe\u201d pliki cookies, umo\u017cliwiaj\u0105ce dostarczanie U\u017cytkownikom tre\u015bci reklamowych bardziej dostosowanych do ich zainteresowa\u0144. W wielu przypadkach oprogramowanie s\u0142u\u017c\u0105ce do przegl\u0105dania stron internetowych (przegl\u0105darka internetowa) domy\u015blnie dopuszcza przechowywanie plik\u00f3w cookies w urz\u0105dzeniu ko\u0144cowym U\u017cytkownika. U\u017cytkownicy Strony mog\u0105 dokona\u0107 w ka\u017cdym czasie zmiany ustawie\u0144 dotycz\u0105cych plik\u00f3w cookies. Ustawienia te mog\u0105 zosta\u0107 zmienione w szczeg\u00f3lno\u015bci w taki spos\u00f3b, aby blokowa\u0107 automatyczn\u0105 obs\u0142ug\u0119 plik\u00f3w cookies w ustawieniach przegl\u0105darki internetowej b\u0105d\u017a informowa\u0107 o ich ka\u017cdorazowym zamieszczeniu w urz\u0105dzeniu U\u017cytkownika Strony. W takim przypadku ograniczenia stosowania plik\u00f3w cookies mog\u0105 spowodowa\u0107, \u017ce niekt\u00f3re cz\u0119\u015bci Strony mog\u0105 nie dzia\u0142a\u0107 poprawnie. Szczeg\u00f3\u0142owe informacje o mo\u017cliwo\u015bci i sposobach obs\u0142ugi plik\u00f3w cookies dost\u0119pne s\u0105 w ustawieniach oprogramowania (przegl\u0105darki internetowej). Pliki cookies zamieszczane w urz\u0105dzeniu ko\u0144cowym U\u017cytkownika Strony wykorzystywane mog\u0105 by\u0107 r\u00f3wnie\u017c przez wsp\u00f3\u0142pracuj\u0105cych z operatorem Strony reklamodawc\u00f3w oraz partner\u00f3w.<\/p>\n\n\n\n<h5 class=\"wp-block-heading\">Jak korzystam z zebranych informacji<\/h5>\n\n\n\n<p>Marek Follendorf gromadzi i wykorzystuje dane osobowe U\u017cytkownik\u00f3w do nast\u0119puj\u0105cych cel\u00f3w:<\/p>\n\n\n\n<p>1. Aby poprawi\u0107 moj\u0105 Stron\u0119 Nieustannie d\u0105\u017c\u0119 do udoskonalania swojej strony internetowej w oparciu o informacje i opinie, kt\u00f3re otrzymuj\u0119 od U\u017cytkownik\u00f3w.<\/p>\n\n\n\n<p>2. Aby poprawi\u0107 obs\u0142ug\u0119 klienta Informacje U\u017cytkownik\u00f3w pomagaj\u0105 mi skuteczniej reagowa\u0107 na zg\u0142oszenia dotycz\u0105ce obs\u0142ugi klienta i potrzeby pomocy technicznej.<\/p>\n\n\n\n<p>3. Aby administrowa\u0107 tre\u015bci\u0105, promocj\u0105 lub inn\u0105 funkcj\u0105 witryny Informacje u\u017cytkownik\u00f3w pozwalaj\u0105 mi umieszcza\u0107 na Stronie tre\u015bci na tematy, kt\u00f3re wydaje mi si\u0119, \u017ce b\u0119d\u0105 dla nich interesuj\u0105ce.<\/p>\n\n\n\n<p>4. Aby wysy\u0142a\u0107 wiadomo\u015bci e-mail Adres e-mail U\u017cytkownik\u00f3w, kt\u00f3ry umo\u017cliwia przetwarzanie zam\u00f3wie\u0144, b\u0119dzie wykorzystywany wy\u0142\u0105cznie do wysy\u0142ania im informacji i aktualizacji dotycz\u0105cych ich zam\u00f3wienia. Mo\u017ce r\u00f3wnie\u017c s\u0142u\u017cy\u0107 do odpowiadania na ich zapytania i \/ lub inne pro\u015bby lub pytania. Je\u015bli w dowolnym momencie U\u017cytkownik chce zrezygnowa\u0107 z otrzymywania przysz\u0142ych wiadomo\u015bci e-mail mo\u017ce skontaktowa\u0107 si\u0119 ze mn\u0105 za po\u015brednictwem mojej Strony.<\/p>\n\n\n\n<h5 class=\"wp-block-heading\">W jaki spos\u00f3b chroni\u0119 Twoje informacje<\/h5>\n\n\n\n<p>Wykorzystuj\u0119 odpowiednie metody gromadzenia, przechowywania i przetwarzania danych oraz \u015brodki bezpiecze\u0144stwa w celu ochrony przed nieuprawnionym dost\u0119pem, zmian\u0105, ujawnieniem lub zniszczeniem Twoich danych osobowych, nazwy u\u017cytkownika, has\u0142a, informacji o transakcjach i danych przechowywanych na mojej Stronie. Wra\u017cliwa i prywatna wymiana danych mi\u0119dzy Stron\u0105 a jej U\u017cytkownikami odbywa si\u0119 za po\u015brednictwem bezpiecznego kana\u0142u komunikacyjnego SSL i jest szyfrowana i chroniona za pomoc\u0105 podpis\u00f3w cyfrowych.<\/p>\n\n\n\n<h5 class=\"wp-block-heading\">Udost\u0119pnianie Twoich danych osobowych<\/h5>\n\n\n\n<p>NIE sprzedaj\u0119, nie handluj\u0119 ani nie wypo\u017cyczam osobowych danych identyfikacyjnych u\u017cytkownik\u00f3w innym osobom. Mog\u0119 udost\u0119pnia\u0107 og\u00f3lne zagregowane informacje demograficzne niezwi\u0105zane z \u017cadnymi osobistymi danymi identyfikacyjnymi dotycz\u0105cymi odwiedzaj\u0105cych Stron\u0119 i u\u017cytkownik\u00f3w z moimi partnerami biznesowymi, zaufanymi partnerami i reklamodawcami w celach opisanych powy\u017cej.<\/p>\n\n\n\n<h5 class=\"wp-block-heading\">Witryny stron trzecich<\/h5>\n\n\n\n<p>U\u017cytkownicy mog\u0105 znale\u017a\u0107 na mojej Stronie reklamy lub inne tre\u015bci zawieraj\u0105ce linki do witryn i us\u0142ug moich partner\u00f3w, dostawc\u00f3w, reklamodawc\u00f3w, sponsor\u00f3w, licencjodawc\u00f3w i innych stron trzecich. Nie kontroluj\u0119 zawarto\u015bci ani link\u00f3w, kt\u00f3re pojawiaj\u0105 si\u0119 w tych witrynach i nie ponosz\u0119 odpowiedzialno\u015bci za praktyki stosowane przez witryny internetowe powi\u0105zane z moj\u0105 Stron\u0105. Poza tym te witryny lub us\u0142ugi, w tym ich tre\u015b\u0107 i linki, mog\u0105 ci\u0105gle si\u0119 zmienia\u0107. Te witryny i us\u0142ugi mog\u0105 mie\u0107 swoj\u0105 polityk\u0119 prywatno\u015bci i zasady obs\u0142ugi klienta. Przegl\u0105danie i interakcja w jakiejkolwiek innej witrynie, w tym witrynach, kt\u00f3re maj\u0105 link do mojej Strony, podlega warunkom i zasadom tej witryny.<\/p>\n\n\n\n<h5 class=\"wp-block-heading\">Zmiany w niniejszej Polityce prywatno\u015bci<\/h5>\n\n\n\n<p>Marek Follendorf ma prawo do aktualizowania niniejszej Polityki prywatno\u015bci w dowolnym momencie. Zach\u0119cam u\u017cytkownik\u00f3w do cz\u0119stego sprawdzania tej strony pod k\u0105tem wszelkich zmian, aby by\u0107 na bie\u017c\u0105co z informacjami o tym, w jaki spos\u00f3b pomagam chroni\u0107 gromadzone przeze mnie dane osobowe. U\u017cytkownik przyjmuje do wiadomo\u015bci i zgadza si\u0119, \u017ce jego obowi\u0105zkiem jest okresowe przegl\u0105danie niniejszej Polityki prywatno\u015bci i zapoznawanie si\u0119 z jej modyfikacjami.<\/p>\n\n\n\n<h5 class=\"wp-block-heading\">Twoja akceptacja niniejszych warunk\u00f3w<\/h5>\n\n\n\n<p>Korzystaj\u0105c z tej Strony, wyra\u017casz zgod\u0119 na te zasady. Je\u015bli nie zgadzasz si\u0119 z tymi zasadami, nie korzystaj z mojej Strony. Dalsze korzystanie z Witryny po opublikowaniu zmian w tych zasadach zostanie uznane za Twoj\u0105 akceptacj\u0119 tych zmian.<\/p>\n\n\n\n<h5 class=\"wp-block-heading\">Kontakt ze mn\u0105<\/h5>\n\n\n\n<p>Je\u015bli masz jakiekolwiek pytania dotycz\u0105ce niniejszej Polityki prywatno\u015bci, praktyk tej Strony lub Twoich powi\u0105za\u0144 z t\u0105 witryn\u0105, skontaktuj si\u0119 ze mn\u0105 na: piotrdynarski@gmail.com lub skorzystaj z mojego formularza kontaktowego.<\/p>\n","protected":false},"excerpt":{"rendered":"<p>Niniejsza Polityka prywatno\u015bci reguluje spos\u00f3b, w jaki dzia\u0142alno\u015b\u0107 gospodarcza Marek Follendorf gromadzi, wykorzystuje, utrzymuje i ujawnia informacje zebrane od u\u017cytkownika (zwanym dalej \u201cU\u017cytkownikiem\u201d) ze strony internetowej www.marekfollendorf.com (zwanej dalej \u201cStron\u0105\u201d). Niniejsza polityka prywatno\u015bci dotyczy strony Marek Follendorf. W dniu 25 maja 2018 roku rozpocz\u0119\u0142o swoje obowi\u0105zywanie Rozporz\u0105dzenie Parlamentu Europejskiego i Rady (UE) 2016\/679 z dnia [&hellip;]<\/p>\n","protected":false},"author":1,"featured_media":0,"parent":0,"menu_order":0,"comment_status":"closed","ping_status":"closed","template":"","meta":{"om_disable_all_campaigns":false,"_monsterinsights_skip_tracking":false,"_monsterinsights_sitenote_active":false,"_monsterinsights_sitenote_note":"","_monsterinsights_sitenote_category":0,"pgc_sgb_lightbox_settings":"","footnotes":""},"class_list":["post-3","page","type-page","status-publish","hentry"],"blocksy_meta":{"styles_descriptor":{"styles":{"desktop":"","tablet":"","mobile":""},"google_fonts":[],"version":6}},"aioseo_notices":[],"_links":{"self":[{"href":"https:\/\/hejmarku.pl\/index.php?rest_route=\/wp\/v2\/pages\/3","targetHints":{"allow":["GET"]}}],"collection":[{"href":"https:\/\/hejmarku.pl\/index.php?rest_route=\/wp\/v2\/pages"}],"about":[{"href":"https:\/\/hejmarku.pl\/index.php?rest_route=\/wp\/v2\/types\/page"}],"author":[{"embeddable":true,"href":"https:\/\/hejmarku.pl\/index.php?rest_route=\/wp\/v2\/users\/1"}],"replies":[{"embeddable":true,"href":"https:\/\/hejmarku.pl\/index.php?rest_route=%2Fwp%2Fv2%2Fcomments&post=3"}],"version-history":[{"count":1,"href":"https:\/\/hejmarku.pl\/index.php?rest_route=\/wp\/v2\/pages\/3\/revisions"}],"predecessor-version":[{"id":1851,"href":"https:\/\/hejmarku.pl\/index.php?rest_route=\/wp\/v2\/pages\/3\/revisions\/1851"}],"wp:attachment":[{"href":"https:\/\/hejmarku.pl\/index.php?rest_route=%2Fwp%2Fv2%2Fmedia&parent=3"}],"curies":[{"name":"wp","href":"https:\/\/api.w.org\/{rel}","templated":true}]}}